{"id":1923,"date":"2025-01-17T10:56:58","date_gmt":"2025-01-17T10:56:58","guid":{"rendered":"https:\/\/leyendoperros.es\/?page_id=1923"},"modified":"2025-01-17T10:59:58","modified_gmt":"2025-01-17T10:59:58","slug":"formulario","status":"publish","type":"page","link":"https:\/\/leyendoperros.es\/ca\/formulari\/","title":{"rendered":"Formulari"},"content":{"rendered":"<div data-elementor-type=\"wp-page\" data-elementor-id=\"1923\" class=\"elementor elementor-1923\" data-elementor-post-type=\"page\">\n\t\t\t\t<div class=\"elementor-element elementor-element-67354103 e-flex e-con-boxed e-con e-parent\" data-id=\"67354103\" data-element_type=\"container\" data-settings=\"{&quot;background_background&quot;:&quot;classic&quot;}\">\n\t\t\t\t\t<div class=\"e-con-inner\">\n\t\t<div class=\"elementor-element elementor-element-4ed5f00f e-con-full e-flex e-con e-child\" data-id=\"4ed5f00f\" data-element_type=\"container\">\n\t\t\t\t<div class=\"elementor-element elementor-element-2dfd3f4 elementor-invisible elementor-widget elementor-widget-heading\" data-id=\"2dfd3f4\" data-element_type=\"widget\" data-settings=\"{&quot;_animation&quot;:&quot;fadeIn&quot;,&quot;_animation_delay&quot;:&quot;200&quot;}\" data-widget_type=\"heading.default\">\n\t\t\t\t<div class=\"elementor-widget-container\">\n\t\t\t\t\t<h1 class=\"elementor-heading-title elementor-size-default\">Demana m\u00e9s informaci\u00f3!<\/h1>\t\t\t\t<\/div>\n\t\t\t\t<\/div>\n\t\t\t\t<\/div>\n\t\t\t\t\t<\/div>\n\t\t\t\t<\/div>\n\t\t<div class=\"elementor-element elementor-element-536bbffa e-flex e-con-boxed e-con e-parent\" data-id=\"536bbffa\" data-element_type=\"container\" data-settings=\"{&quot;background_background&quot;:&quot;classic&quot;}\">\n\t\t\t\t\t<div class=\"e-con-inner\">\n\t\t<div class=\"elementor-element elementor-element-3ae2a957 e-con-full e-flex e-con e-child\" data-id=\"3ae2a957\" data-element_type=\"container\">\n\t\t<div class=\"elementor-element elementor-element-50f6c6d2 e-con-full e-flex e-con e-child\" data-id=\"50f6c6d2\" data-element_type=\"container\" data-settings=\"{&quot;background_background&quot;:&quot;classic&quot;}\">\n\t\t\t\t<div class=\"elementor-element elementor-element-37124f59 elementor-widget elementor-widget-heading\" data-id=\"37124f59\" data-element_type=\"widget\" data-widget_type=\"heading.default\">\n\t\t\t\t<div class=\"elementor-widget-container\">\n\t\t\t\t\t<h2 class=\"elementor-heading-title elementor-size-default\">Escriu-nos<\/h2>\t\t\t\t<\/div>\n\t\t\t\t<\/div>\n\t\t\t\t<div class=\"elementor-element elementor-element-7d584217 elementor-widget elementor-widget-heading\" data-id=\"7d584217\" data-element_type=\"widget\" data-widget_type=\"heading.default\">\n\t\t\t\t<div class=\"elementor-widget-container\">\n\t\t\t\t\t<p class=\"elementor-heading-title elementor-size-default\">Tamb\u00e9 pots emplenar el formulari de contacte a la nostra p\u00e0gina web i ens posarem en contacte amb tu el m\u00e9s aviat possible. <\/p>\t\t\t\t<\/div>\n\t\t\t\t<\/div>\n\t\t\t\t<div class=\"elementor-element elementor-element-70efa4c elementor-button-align-start contact_form elementor-widget elementor-widget-form\" data-id=\"70efa4c\" data-element_type=\"widget\" data-settings=\"{&quot;step_next_label&quot;:&quot;Next&quot;,&quot;step_previous_label&quot;:&quot;Previous&quot;,&quot;button_width&quot;:&quot;100&quot;,&quot;step_type&quot;:&quot;number_text&quot;,&quot;step_icon_shape&quot;:&quot;circle&quot;}\" data-widget_type=\"form.default\">\n\t\t\t\t<div class=\"elementor-widget-container\">\n\t\t\t\t\t\t\t<form class=\"elementor-form\" method=\"post\" name=\"New Form\" action=\"\">\n\t\t\t<input type=\"hidden\" name=\"post_id\" value=\"1923\"\/>\n\t\t\t<input type=\"hidden\" name=\"form_id\" value=\"70efa4c\"\/>\n\t\t\t<input type=\"hidden\" name=\"referer_title\" value=\"Formulario - Leyendo Perros\" \/>\n\n\t\t\t\t\t\t\t<input type=\"hidden\" name=\"queried_id\" value=\"1923\"\/>\n\t\t\t\n\t\t\t<div class=\"elementor-form-fields-wrapper elementor-labels-\">\n\t\t\t\t\t\t\t\t<div class=\"elementor-field-type-email elementor-field-group elementor-column elementor-field-group-email elementor-col-100 elementor-field-required\">\n\t\t\t\t\t\t\t\t\t\t\t\t<label for=\"form-field-email\" class=\"elementor-field-label elementor-screen-only\">\n\t\t\t\t\t\t\t\tEmail *\t\t\t\t\t\t\t<\/label>\n\t\t\t\t\t\t\t\t\t\t\t\t\t\t<input size=\"1\" type=\"email\" name=\"form_fields[email]\" id=\"form-field-email\" class=\"elementor-field elementor-size-sm  elementor-field-textual\" placeholder=\"Email *\" required=\"required\">\n\t\t\t\t\t\t\t\t\t\t\t<\/div>\n\t\t\t\t\t\t\t\t<div class=\"elementor-field-type-text elementor-field-group elementor-column elementor-field-group-name elementor-col-100 elementor-field-required\">\n\t\t\t\t\t\t\t\t\t\t\t\t<label for=\"form-field-name\" class=\"elementor-field-label elementor-screen-only\">\n\t\t\t\t\t\t\t\tNom *\t\t\t\t\t\t\t<\/label>\n\t\t\t\t\t\t\t\t\t\t\t\t\t\t<input size=\"1\" type=\"text\" name=\"form_fields[name]\" id=\"form-field-name\" class=\"elementor-field elementor-size-sm  elementor-field-textual\" placeholder=\"Nom *\" required=\"required\">\n\t\t\t\t\t\t\t\t\t\t\t<\/div>\n\t\t\t\t\t\t\t\t<div class=\"elementor-field-type-text elementor-field-group elementor-column elementor-field-group-field_12ccbc5 elementor-col-100 elementor-field-required\">\n\t\t\t\t\t\t\t\t\t\t\t\t<label for=\"form-field-field_12ccbc5\" class=\"elementor-field-label elementor-screen-only\">\n\t\t\t\t\t\t\t\tNom del teu gos*\t\t\t\t\t\t\t<\/label>\n\t\t\t\t\t\t\t\t\t\t\t\t\t\t<input size=\"1\" type=\"text\" name=\"form_fields[field_12ccbc5]\" id=\"form-field-field_12ccbc5\" class=\"elementor-field elementor-size-sm  elementor-field-textual\" placeholder=\"Nom del teu gos*\" required=\"required\">\n\t\t\t\t\t\t\t\t\t\t\t<\/div>\n\t\t\t\t\t\t\t\t<div class=\"elementor-field-type-text elementor-field-group elementor-column elementor-field-group-field_73efc1f elementor-col-100 elementor-field-required\">\n\t\t\t\t\t\t\t\t\t\t\t\t<label for=\"form-field-field_73efc1f\" class=\"elementor-field-label elementor-screen-only\">\n\t\t\t\t\t\t\t\tTel\u00e8fon de contacte\t\t\t\t\t\t\t<\/label>\n\t\t\t\t\t\t\t\t\t\t\t\t\t\t<input size=\"1\" type=\"text\" name=\"form_fields[field_73efc1f]\" id=\"form-field-field_73efc1f\" class=\"elementor-field elementor-size-sm  elementor-field-textual\" placeholder=\"Tel\u00e8fon de contacte* (T&#039;enviarem la inormaci\u00f3 del curs via Whatsapp.)\" required=\"required\">\n\t\t\t\t\t\t\t\t\t\t\t<\/div>\n\t\t\t\t\t\t\t\t<div class=\"elementor-field-type-textarea elementor-field-group elementor-column elementor-field-group-message elementor-col-100 elementor-field-required\">\n\t\t\t\t\t\t\t\t\t\t\t\t<label for=\"form-field-message\" class=\"elementor-field-label elementor-screen-only\">\n\t\t\t\t\t\t\t\tMissatge *\t\t\t\t\t\t\t<\/label>\n\t\t\t\t\t\t<textarea class=\"elementor-field-textual elementor-field  elementor-size-sm\" name=\"form_fields[message]\" id=\"form-field-message\" rows=\"3\" placeholder=\"Missatge *\" required=\"required\"><\/textarea>\t\t\t\t<\/div>\n\t\t\t\t\t\t\t\t<div class=\"elementor-field-type-checkbox elementor-field-group elementor-column elementor-field-group-field_b94e88c elementor-col-100\">\n\t\t\t\t\t<div class=\"elementor-field-subgroup  elementor-subgroup-inline\"><span class=\"elementor-field-option\"><input type=\"checkbox\" value=\"He le\u00eddo y acepto el &lt;a href=&quot;\/aviso-legal\/&quot;&gt;aviso legal&lt;\/a&gt; y la &lt;a href=&quot;\/politica-de-privacidad\/&quot;&gt;pol\u00edtica de privacidad&lt;\/a&gt;\" id=\"form-field-field_b94e88c-0\" name=\"form_fields[field_b94e88c]\"> <label for=\"form-field-field_b94e88c-0\">He llegit i accepto el <a href=\"https:\/\/leyendoperros.es\/ca\/avis-legal\/\">av\u00eds legal<\/a> i la <a href=\"https:\/\/leyendoperros.es\/ca\/politica-de-privadesa\/\">pol\u00edtica de privadesa<\/a><\/label><\/span><\/div>\t\t\t\t<\/div>\n\t\t\t\t\t\t\t\t<div class=\"elementor-field-type-recaptcha_v3 elementor-field-group elementor-column elementor-field-group-field_bd5a29d elementor-col-100 recaptcha_v3-bottomright\">\n\t\t\t\t\t<div class=\"elementor-field\" id=\"form-field-field_bd5a29d\"><div class=\"elementor-g-recaptcha\" data-sitekey=\"6LeZvscqAAAAAASz-ez0G76qrDxF4iBiq6YBML1P\" data-type=\"v3\" data-action=\"Form\" data-badge=\"bottomright\" data-size=\"invisible\"><\/div><\/div>\t\t\t\t<\/div>\n\t\t\t\t\t\t\t\t<div class=\"elementor-field-group elementor-column elementor-field-type-submit elementor-col-100 e-form__buttons\">\n\t\t\t\t\t<button class=\"elementor-button elementor-size-sm\" type=\"submit\">\n\t\t\t\t\t\t<span class=\"elementor-button-content-wrapper\">\n\t\t\t\t\t\t\t\t\t\t\t\t\t\t\t\t\t\t\t\t\t\t<span class=\"elementor-button-text\">Enviar<\/span>\n\t\t\t\t\t\t\t\t\t\t\t\t\t<\/span>\n\t\t\t\t\t<\/button>\n\t\t\t\t<\/div>\n\t\t\t<\/div>\n\t\t<input type=\"hidden\" name=\"trp-form-language\" value=\"ca\"\/><\/form>\n\t\t\t\t\t\t<\/div>\n\t\t\t\t<\/div>\n\t\t\t\t<\/div>\n\t\t<div class=\"elementor-element elementor-element-3462cc51 e-con-full e-flex e-con e-child\" data-id=\"3462cc51\" data-element_type=\"container\">\n\t\t\t\t<div class=\"elementor-element elementor-element-b0a3bfa elementor-widget elementor-widget-heading\" data-id=\"b0a3bfa\" data-element_type=\"widget\" data-widget_type=\"heading.default\">\n\t\t\t\t<div class=\"elementor-widget-container\">\n\t\t\t\t\t<h2 class=\"elementor-heading-title elementor-size-default\">Volem saber de tu!<\/h2>\t\t\t\t<\/div>\n\t\t\t\t<\/div>\n\t\t\t\t<div class=\"elementor-element elementor-element-28779b5 elementor-widget elementor-widget-text-editor\" data-id=\"28779b5\" data-element_type=\"widget\" data-widget_type=\"text-editor.default\">\n\t\t\t\t<div class=\"elementor-widget-container\">\n\t\t\t\t\t\t\t\t\t<p>Tens algun dubte o necessites m\u00e9s informaci\u00f3? Som aqu\u00ed per ajudar-te! Pots posar-te en contacte amb nosaltres a trav\u00e9s dels mitjans seg\u00fcents:<\/p>\t\t\t\t\t\t\t\t<\/div>\n\t\t\t\t<\/div>\n\t\t<div class=\"elementor-element elementor-element-18678e08 e-con-full e-flex e-con e-child\" data-id=\"18678e08\" data-element_type=\"container\">\n\t\t<div class=\"elementor-element elementor-element-3e16f14a e-con-full e-flex e-con e-child\" data-id=\"3e16f14a\" data-element_type=\"container\">\n\t\t<div class=\"elementor-element elementor-element-3dc1c1c2 e-con-full e-flex e-con e-child\" data-id=\"3dc1c1c2\" data-element_type=\"container\">\n\t\t<div class=\"elementor-element elementor-element-32deb3f0 e-con-full e-flex e-con e-child\" data-id=\"32deb3f0\" data-element_type=\"container\">\n\t\t\t\t<div class=\"elementor-element elementor-element-76a38644 elementor-widget elementor-widget-heading\" data-id=\"76a38644\" data-element_type=\"widget\" data-widget_type=\"heading.default\">\n\t\t\t\t<div class=\"elementor-widget-container\">\n\t\t\t\t\t<h4 class=\"elementor-heading-title elementor-size-default\">Tel\u00e8fon<\/h4>\t\t\t\t<\/div>\n\t\t\t\t<\/div>\n\t\t\t\t<div class=\"elementor-element elementor-element-4305914a elementor-tablet-align-center elementor-icon-list--layout-traditional elementor-list-item-link-full_width elementor-widget elementor-widget-icon-list\" data-id=\"4305914a\" data-element_type=\"widget\" data-widget_type=\"icon-list.default\">\n\t\t\t\t<div class=\"elementor-widget-container\">\n\t\t\t\t\t\t\t<ul class=\"elementor-icon-list-items\">\n\t\t\t\t\t\t\t<li class=\"elementor-icon-list-item\">\n\t\t\t\t\t\t\t\t\t\t\t<a href=\"tel: 34676626757\">\n\n\t\t\t\t\t\t\t\t\t\t\t<span class=\"elementor-icon-list-text\">+34 676 626 757<\/span>\n\t\t\t\t\t\t\t\t\t\t\t<\/a>\n\t\t\t\t\t\t\t\t\t<\/li>\n\t\t\t\t\t\t<\/ul>\n\t\t\t\t\t\t<\/div>\n\t\t\t\t<\/div>\n\t\t\t\t<\/div>\n\t\t<div class=\"elementor-element elementor-element-75cbba80 e-con-full e-flex e-con e-child\" data-id=\"75cbba80\" data-element_type=\"container\">\n\t\t\t\t<div class=\"elementor-element elementor-element-570bb45d elementor-widget elementor-widget-heading\" data-id=\"570bb45d\" data-element_type=\"widget\" data-widget_type=\"heading.default\">\n\t\t\t\t<div class=\"elementor-widget-container\">\n\t\t\t\t\t<h4 class=\"elementor-heading-title elementor-size-default\">Email<\/h4>\t\t\t\t<\/div>\n\t\t\t\t<\/div>\n\t\t\t\t<div class=\"elementor-element elementor-element-4daf928e elementor-tablet-align-center elementor-icon-list--layout-traditional elementor-list-item-link-full_width elementor-widget elementor-widget-icon-list\" data-id=\"4daf928e\" data-element_type=\"widget\" data-widget_type=\"icon-list.default\">\n\t\t\t\t<div class=\"elementor-widget-container\">\n\t\t\t\t\t\t\t<ul class=\"elementor-icon-list-items\">\n\t\t\t\t\t\t\t<li class=\"elementor-icon-list-item\">\n\t\t\t\t\t\t\t\t\t\t\t<a href=\"mailto: info@leyendoperros.com\">\n\n\t\t\t\t\t\t\t\t\t\t\t<span class=\"elementor-icon-list-text\">info@leyendoperros.com<\/span>\n\t\t\t\t\t\t\t\t\t\t\t<\/a>\n\t\t\t\t\t\t\t\t\t<\/li>\n\t\t\t\t\t\t<\/ul>\n\t\t\t\t\t\t<\/div>\n\t\t\t\t<\/div>\n\t\t\t\t<\/div>\n\t\t\t\t<\/div>\n\t\t<div class=\"elementor-element elementor-element-e4d73a2 e-con-full e-flex e-con e-child\" data-id=\"e4d73a2\" data-element_type=\"container\">\n\t\t<div class=\"elementor-element elementor-element-1aa09b8 e-con-full e-flex e-con e-child\" data-id=\"1aa09b8\" data-element_type=\"container\">\n\t\t\t\t<div class=\"elementor-element elementor-element-2138aed elementor-widget elementor-widget-heading\" data-id=\"2138aed\" data-element_type=\"widget\" data-widget_type=\"heading.default\">\n\t\t\t\t<div class=\"elementor-widget-container\">\n\t\t\t\t\t<h4 class=\"elementor-heading-title elementor-size-default\">Instagram<\/h4>\t\t\t\t<\/div>\n\t\t\t\t<\/div>\n\t\t\t\t<div class=\"elementor-element elementor-element-a221393 elementor-tablet-align-center elementor-icon-list--layout-traditional elementor-list-item-link-full_width elementor-widget elementor-widget-icon-list\" data-id=\"a221393\" data-element_type=\"widget\" data-widget_type=\"icon-list.default\">\n\t\t\t\t<div class=\"elementor-widget-container\">\n\t\t\t\t\t\t\t<ul class=\"elementor-icon-list-items\">\n\t\t\t\t\t\t\t<li class=\"elementor-icon-list-item\">\n\t\t\t\t\t\t\t\t\t\t\t<a href=\"https:\/\/www.instagram.com\/leyendoperros\/\">\n\n\t\t\t\t\t\t\t\t\t\t\t<span class=\"elementor-icon-list-text\">@lleendogossos<\/span>\n\t\t\t\t\t\t\t\t\t\t\t<\/a>\n\t\t\t\t\t\t\t\t\t<\/li>\n\t\t\t\t\t\t<\/ul>\n\t\t\t\t\t\t<\/div>\n\t\t\t\t<\/div>\n\t\t\t\t<\/div>\n\t\t<div class=\"elementor-element elementor-element-2295c0b e-con-full e-flex e-con e-child\" data-id=\"2295c0b\" data-element_type=\"container\">\n\t\t\t\t<div class=\"elementor-element elementor-element-4c627b8 elementor-widget elementor-widget-heading\" data-id=\"4c627b8\" data-element_type=\"widget\" data-widget_type=\"heading.default\">\n\t\t\t\t<div class=\"elementor-widget-container\">\n\t\t\t\t\t<h4 class=\"elementor-heading-title elementor-size-default\">Horari<\/h4>\t\t\t\t<\/div>\n\t\t\t\t<\/div>\n\t\t\t\t<div class=\"elementor-element elementor-element-e6981bf elementor-tablet-align-center elementor-icon-list--layout-traditional elementor-list-item-link-full_width elementor-widget elementor-widget-icon-list\" data-id=\"e6981bf\" data-element_type=\"widget\" data-widget_type=\"icon-list.default\">\n\t\t\t\t<div class=\"elementor-widget-container\">\n\t\t\t\t\t\t\t<ul class=\"elementor-icon-list-items\">\n\t\t\t\t\t\t\t<li class=\"elementor-icon-list-item\">\n\t\t\t\t\t\t\t\t\t\t<span class=\"elementor-icon-list-text\">De dilluns a divendres de 9:00 ha 19:00 h.<\/span>\n\t\t\t\t\t\t\t\t\t<\/li>\n\t\t\t\t\t\t\t\t<li class=\"elementor-icon-list-item\">\n\t\t\t\t\t\t\t\t\t\t<span class=\"elementor-icon-list-text\">Dissabtes i diumenges amb cita pr\u00e8via.<\/span>\n\t\t\t\t\t\t\t\t\t<\/li>\n\t\t\t\t\t\t\t\t<li class=\"elementor-icon-list-item\">\n\t\t\t\t\t\t\t\t\t\t<span class=\"elementor-icon-list-text\">Disponibilitat hor\u00e0ria per a classes de dilluns a diumenge.<\/span>\n\t\t\t\t\t\t\t\t\t<\/li>\n\t\t\t\t\t\t<\/ul>\n\t\t\t\t\t\t<\/div>\n\t\t\t\t<\/div>\n\t\t\t\t<\/div>\n\t\t\t\t<\/div>\n\t\t\t\t<\/div>\n\t\t\t\t<\/div>\n\t\t\t\t<\/div>\n\t\t\t\t<\/div>\n\t\t\t\t\t<\/div>\n\t\t\t\t<\/div>\n\t\t\t\t<\/div>","protected":false},"excerpt":{"rendered":"<p>\u00a1Pide m\u00e1s informaci\u00f3n! Escr\u00edbenos Tambi\u00e9n puedes rellenar el formulario de contacto en nuestra p\u00e1gina web y nos pondremos en contacto contigo lo antes posible. \u00a1Queremos saber de ti! \u00bfTienes alguna duda o necesitas m\u00e1s informaci\u00f3n? \u00a1Estamos aqu\u00ed para ayudarte! Puedes ponerte en contacto con nosotros a trav\u00e9s de los siguientes medios: Tel\u00e9fono +34 676 626 [&hellip;]<\/p>","protected":false},"author":3,"featured_media":0,"parent":0,"menu_order":0,"comment_status":"closed","ping_status":"closed","template":"","meta":{"footnotes":""},"class_list":["post-1923","page","type-page","status-publish","hentry"],"yoast_head":"<!-- This site is optimized with the Yoast SEO plugin v24.6 - https:\/\/yoast.com\/wordpress\/plugins\/seo\/ -->\n<title>Formulario - Leyendo Perros<\/title>\n<meta name=\"robots\" content=\"index, follow, max-snippet:-1, max-image-preview:large, max-video-preview:-1\" \/>\n<link rel=\"canonical\" href=\"https:\/\/leyendoperros.es\/ca\/formulari\/\" \/>\n<meta property=\"og:locale\" content=\"ca_ES\" \/>\n<meta property=\"og:type\" content=\"article\" \/>\n<meta property=\"og:title\" content=\"Formulario - Leyendo Perros\" \/>\n<meta property=\"og:description\" content=\"\u00a1Pide m\u00e1s informaci\u00f3n! Escr\u00edbenos Tambi\u00e9n puedes rellenar el formulario de contacto en nuestra p\u00e1gina web y nos pondremos en contacto contigo lo antes posible. \u00a1Queremos saber de ti! \u00bfTienes alguna duda o necesitas m\u00e1s informaci\u00f3n? \u00a1Estamos aqu\u00ed para ayudarte! Puedes ponerte en contacto con nosotros a trav\u00e9s de los siguientes medios: Tel\u00e9fono +34 676 626 [&hellip;]\" \/>\n<meta property=\"og:url\" content=\"https:\/\/leyendoperros.es\/ca\/formulari\/\" \/>\n<meta property=\"og:site_name\" content=\"Leyendo Perros\" \/>\n<meta property=\"article:modified_time\" content=\"2025-01-17T10:59:58+00:00\" \/>\n<meta name=\"twitter:card\" content=\"summary_large_image\" \/>\n<script type=\"application\/ld+json\" class=\"yoast-schema-graph\">{\"@context\":\"https:\/\/schema.org\",\"@graph\":[{\"@type\":\"WebPage\",\"@id\":\"https:\/\/leyendoperros.es\/formulario\/\",\"url\":\"https:\/\/leyendoperros.es\/formulario\/\",\"name\":\"Formulario - Leyendo Perros\",\"isPartOf\":{\"@id\":\"https:\/\/leyendoperros.es\/#website\"},\"datePublished\":\"2025-01-17T10:56:58+00:00\",\"dateModified\":\"2025-01-17T10:59:58+00:00\",\"breadcrumb\":{\"@id\":\"https:\/\/leyendoperros.es\/formulario\/#breadcrumb\"},\"inLanguage\":\"ca\",\"potentialAction\":[{\"@type\":\"ReadAction\",\"target\":[\"https:\/\/leyendoperros.es\/formulario\/\"]}]},{\"@type\":\"BreadcrumbList\",\"@id\":\"https:\/\/leyendoperros.es\/formulario\/#breadcrumb\",\"itemListElement\":[{\"@type\":\"ListItem\",\"position\":1,\"name\":\"Portada\",\"item\":\"https:\/\/leyendoperros.es\/\"},{\"@type\":\"ListItem\",\"position\":2,\"name\":\"Formulario\"}]},{\"@type\":\"WebSite\",\"@id\":\"https:\/\/leyendoperros.es\/#website\",\"url\":\"https:\/\/leyendoperros.es\/\",\"name\":\"Leyendo Perros\",\"description\":\"\",\"potentialAction\":[{\"@type\":\"SearchAction\",\"target\":{\"@type\":\"EntryPoint\",\"urlTemplate\":\"https:\/\/leyendoperros.es\/?s={search_term_string}\"},\"query-input\":{\"@type\":\"PropertyValueSpecification\",\"valueRequired\":true,\"valueName\":\"search_term_string\"}}],\"inLanguage\":\"ca\"}]}<\/script>\n<!-- \/ Yoast SEO plugin. -->","yoast_head_json":{"title":"Formulario - Leyendo Perros","robots":{"index":"index","follow":"follow","max-snippet":"max-snippet:-1","max-image-preview":"max-image-preview:large","max-video-preview":"max-video-preview:-1"},"canonical":"https:\/\/leyendoperros.es\/ca\/formulari\/","og_locale":"ca_ES","og_type":"article","og_title":"Formulario - Leyendo Perros","og_description":"\u00a1Pide m\u00e1s informaci\u00f3n! Escr\u00edbenos Tambi\u00e9n puedes rellenar el formulario de contacto en nuestra p\u00e1gina web y nos pondremos en contacto contigo lo antes posible. \u00a1Queremos saber de ti! \u00bfTienes alguna duda o necesitas m\u00e1s informaci\u00f3n? \u00a1Estamos aqu\u00ed para ayudarte! Puedes ponerte en contacto con nosotros a trav\u00e9s de los siguientes medios: Tel\u00e9fono +34 676 626 [&hellip;]","og_url":"https:\/\/leyendoperros.es\/ca\/formulari\/","og_site_name":"Leyendo Perros","article_modified_time":"2025-01-17T10:59:58+00:00","twitter_card":"summary_large_image","schema":{"@context":"https:\/\/schema.org","@graph":[{"@type":"WebPage","@id":"https:\/\/leyendoperros.es\/formulario\/","url":"https:\/\/leyendoperros.es\/formulario\/","name":"Formulario - Leyendo Perros","isPartOf":{"@id":"https:\/\/leyendoperros.es\/#website"},"datePublished":"2025-01-17T10:56:58+00:00","dateModified":"2025-01-17T10:59:58+00:00","breadcrumb":{"@id":"https:\/\/leyendoperros.es\/formulario\/#breadcrumb"},"inLanguage":"ca","potentialAction":[{"@type":"ReadAction","target":["https:\/\/leyendoperros.es\/formulario\/"]}]},{"@type":"BreadcrumbList","@id":"https:\/\/leyendoperros.es\/formulario\/#breadcrumb","itemListElement":[{"@type":"ListItem","position":1,"name":"Portada","item":"https:\/\/leyendoperros.es\/"},{"@type":"ListItem","position":2,"name":"Formulario"}]},{"@type":"WebSite","@id":"https:\/\/leyendoperros.es\/#website","url":"https:\/\/leyendoperros.es\/","name":"Leyendo Perros","description":"","potentialAction":[{"@type":"SearchAction","target":{"@type":"EntryPoint","urlTemplate":"https:\/\/leyendoperros.es\/?s={search_term_string}"},"query-input":{"@type":"PropertyValueSpecification","valueRequired":true,"valueName":"search_term_string"}}],"inLanguage":"ca"}]}},"_links":{"self":[{"href":"https:\/\/leyendoperros.es\/ca\/wp-json\/wp\/v2\/pages\/1923","targetHints":{"allow":["GET"]}}],"collection":[{"href":"https:\/\/leyendoperros.es\/ca\/wp-json\/wp\/v2\/pages"}],"about":[{"href":"https:\/\/leyendoperros.es\/ca\/wp-json\/wp\/v2\/types\/page"}],"author":[{"embeddable":true,"href":"https:\/\/leyendoperros.es\/ca\/wp-json\/wp\/v2\/users\/3"}],"replies":[{"embeddable":true,"href":"https:\/\/leyendoperros.es\/ca\/wp-json\/wp\/v2\/comments?post=1923"}],"version-history":[{"count":13,"href":"https:\/\/leyendoperros.es\/ca\/wp-json\/wp\/v2\/pages\/1923\/revisions"}],"predecessor-version":[{"id":1937,"href":"https:\/\/leyendoperros.es\/ca\/wp-json\/wp\/v2\/pages\/1923\/revisions\/1937"}],"wp:attachment":[{"href":"https:\/\/leyendoperros.es\/ca\/wp-json\/wp\/v2\/media?parent=1923"}],"curies":[{"name":"wp","href":"https:\/\/api.w.org\/{rel}","templated":true}]}}